{"id":897,"date":"2020-01-17T14:42:31","date_gmt":"2020-01-17T14:42:31","guid":{"rendered":"https:\/\/lluislaw.com\/?page_id=897"},"modified":"2026-03-18T22:31:29","modified_gmt":"2026-03-18T22:31:29","slug":"servicios","status":"publish","type":"page","link":"https:\/\/lluislaw.com\/es\/servicios\/","title":{"rendered":"Servicios"},"content":{"rendered":"\t\t<div data-elementor-type=\"wp-page\" data-elementor-id=\"897\" class=\"elementor elementor-897\">\n\t\t\t\t\t\t<section class=\"elementor-section elementor-top-section elementor-element elementor-element-bu71rau elementor-section-boxed elementor-section-height-default elementor-section-height-default\" data-id=\"bu71rau\" data-element_type=\"section\" data-e-type=\"section\">\n\t\t\t\t\t\t<div class=\"elementor-container elementor-column-gap-default\">\n\t\t\t\t\t<div class=\"elementor-column elementor-col-50 elementor-top-column elementor-element elementor-element-p4b3n7m\" data-id=\"p4b3n7m\" data-element_type=\"column\" data-e-type=\"column\">\n\t\t\t<div class=\"elementor-widget-wrap elementor-element-populated\">\n\t\t\t\t\t\t<div class=\"elementor-element elementor-element-73gt1to areas-box elementor-position-top elementor-widget elementor-widget-image-box\" data-id=\"73gt1to\" data-element_type=\"widget\" data-e-type=\"widget\" data-widget_type=\"image-box.default\">\n\t\t\t\t<div class=\"elementor-widget-container\">\n\t\t\t\t\t<div class=\"elementor-image-box-wrapper\"><figure class=\"elementor-image-box-img\"><a href=\"https:\/\/www.lluislaw.com\/es\/abogados-de-inmigracion-en-los-angeles\/\" tabindex=\"-1\"><img fetchpriority=\"high\" decoding=\"async\" width=\"800\" height=\"533\" src=\"https:\/\/lluislaw.com\/wp-content\/uploads\/2021\/01\/abogados-de-inmigracion-en-los-angeles.jpg\" class=\"attachment-full size-full wp-image-5412\" alt=\"abogados de inmigraci\u00f3n en Los \u00c1ngeles\" srcset=\"https:\/\/lluislaw.com\/wp-content\/uploads\/2021\/01\/abogados-de-inmigracion-en-los-angeles.jpg 800w, https:\/\/lluislaw.com\/wp-content\/uploads\/2021\/01\/abogados-de-inmigracion-en-los-angeles-300x200.jpg 300w, https:\/\/lluislaw.com\/wp-content\/uploads\/2021\/01\/abogados-de-inmigracion-en-los-angeles-768x512.jpg 768w\" sizes=\"(max-width: 800px) 100vw, 800px\" \/><\/a><\/figure><div class=\"elementor-image-box-content\"><h3 class=\"elementor-image-box-title\"><a href=\"https:\/\/www.lluislaw.com\/es\/abogados-de-inmigracion-en-los-angeles\/\">Abogados de inmigraci\u00f3n en Los \u00c1ngeles<\/a><\/h3><p class=\"elementor-image-box-description\">Con 50 a\u00f1os de experiencia combinada, nuestros abogados pueden ayudarlo con cualquier problema de inmigraci\u00f3n. Desde solicitudes familiares, residencia, green card, asilo, waiver y mucho m\u00e1s.\n<\/p><\/div><\/div>\t\t\t\t<\/div>\n\t\t\t\t<\/div>\n\t\t\t\t<div class=\"elementor-element elementor-element-mudrmeq areas-box elementor-position-top elementor-widget elementor-widget-image-box\" data-id=\"mudrmeq\" data-element_type=\"widget\" data-e-type=\"widget\" data-widget_type=\"image-box.default\">\n\t\t\t\t<div class=\"elementor-widget-container\">\n\t\t\t\t\t<div class=\"elementor-image-box-wrapper\"><figure class=\"elementor-image-box-img\"><a href=\"https:\/\/www.lluislaw.com\/es\/abogados-criminalistas-en-los-angeles\/\" tabindex=\"-1\"><img decoding=\"async\" width=\"800\" height=\"533\" src=\"https:\/\/lluislaw.com\/wp-content\/uploads\/2020\/02\/criminal-lawyers-in-los-angeles.jpg\" class=\"attachment-full size-full wp-image-2174\" alt=\"criminal lawyers in Los Angeles\" srcset=\"https:\/\/lluislaw.com\/wp-content\/uploads\/2020\/02\/criminal-lawyers-in-los-angeles.jpg 800w, https:\/\/lluislaw.com\/wp-content\/uploads\/2020\/02\/criminal-lawyers-in-los-angeles-300x200.jpg 300w, https:\/\/lluislaw.com\/wp-content\/uploads\/2020\/02\/criminal-lawyers-in-los-angeles-768x512.jpg 768w\" sizes=\"(max-width: 800px) 100vw, 800px\" \/><\/a><\/figure><div class=\"elementor-image-box-content\"><h3 class=\"elementor-image-box-title\"><a href=\"https:\/\/www.lluislaw.com\/es\/abogados-criminalistas-en-los-angeles\/\">Abogados criminalistas en Los \u00c1ngeles<\/a><\/h3><p class=\"elementor-image-box-description\">Podemos ayudarlo en asuntos de defensa penal. Te acompa\u00f1aremos desde el inicio de la investigaci\u00f3n penal hasta el final en la reapertura y nulidad de un caso.<\/p><\/div><\/div>\t\t\t\t<\/div>\n\t\t\t\t<\/div>\n\t\t\t\t\t<\/div>\n\t\t<\/div>\n\t\t\t\t<div class=\"elementor-column elementor-col-50 elementor-top-column elementor-element elementor-element-94z8gp3\" data-id=\"94z8gp3\" data-element_type=\"column\" data-e-type=\"column\">\n\t\t\t<div class=\"elementor-widget-wrap elementor-element-populated\">\n\t\t\t\t\t\t<div class=\"elementor-element elementor-element-o8y6vue areas-box elementor-position-top elementor-widget elementor-widget-image-box\" data-id=\"o8y6vue\" data-element_type=\"widget\" data-e-type=\"widget\" data-widget_type=\"image-box.default\">\n\t\t\t\t<div class=\"elementor-widget-container\">\n\t\t\t\t\t<div class=\"elementor-image-box-wrapper\"><figure class=\"elementor-image-box-img\"><a href=\"https:\/\/www.lluislaw.com\/es\/abogados-de-accidentes-de-auto-en-los-angeles\/\" tabindex=\"-1\"><img decoding=\"async\" width=\"800\" height=\"533\" src=\"https:\/\/lluislaw.com\/wp-content\/uploads\/2020\/02\/car-accident-lawyers-in-los-angeles.jpg\" class=\"attachment-full size-full wp-image-2173\" alt=\"car accident lawyers in Los Angeles\" srcset=\"https:\/\/lluislaw.com\/wp-content\/uploads\/2020\/02\/car-accident-lawyers-in-los-angeles.jpg 800w, https:\/\/lluislaw.com\/wp-content\/uploads\/2020\/02\/car-accident-lawyers-in-los-angeles-300x200.jpg 300w, https:\/\/lluislaw.com\/wp-content\/uploads\/2020\/02\/car-accident-lawyers-in-los-angeles-768x512.jpg 768w\" sizes=\"(max-width: 800px) 100vw, 800px\" \/><\/a><\/figure><div class=\"elementor-image-box-content\"><h3 class=\"elementor-image-box-title\"><a href=\"https:\/\/www.lluislaw.com\/es\/abogados-de-accidentes-de-auto-en-los-angeles\/\">Abogados de accidentes de auto en Los \u00c1ngeles<\/a><\/h3><p class=\"elementor-image-box-description\">\u00bfEnvuelto en un accidente automovil\u00edstico en California? Podemos ayudarlo. Lucharemos por su caso para que obtenga su compensaci\u00f3n. Si no ganamos no cobramos.<\/p><\/div><\/div>\t\t\t\t<\/div>\n\t\t\t\t<\/div>\n\t\t\t\t<div class=\"elementor-element elementor-element-osow2h8 areas-box elementor-position-top elementor-widget elementor-widget-image-box\" data-id=\"osow2h8\" data-element_type=\"widget\" data-e-type=\"widget\" data-widget_type=\"image-box.default\">\n\t\t\t\t<div class=\"elementor-widget-container\">\n\t\t\t\t\t<div class=\"elementor-image-box-wrapper\"><figure class=\"elementor-image-box-img\"><a href=\"https:\/\/www.lluislaw.com\/es\/abogados-de-accidentes-de-trabajo-en-los-angeles\/\" tabindex=\"-1\"><img loading=\"lazy\" decoding=\"async\" width=\"800\" height=\"534\" src=\"https:\/\/lluislaw.com\/wp-content\/uploads\/2020\/02\/workers-compensation-lawyers-in-los-angeles.jpg\" class=\"attachment-full size-full wp-image-2175\" alt=\"workers compensation lawyers in Los Angeles\" srcset=\"https:\/\/lluislaw.com\/wp-content\/uploads\/2020\/02\/workers-compensation-lawyers-in-los-angeles.jpg 800w, https:\/\/lluislaw.com\/wp-content\/uploads\/2020\/02\/workers-compensation-lawyers-in-los-angeles-300x200.jpg 300w, https:\/\/lluislaw.com\/wp-content\/uploads\/2020\/02\/workers-compensation-lawyers-in-los-angeles-768x513.jpg 768w\" sizes=\"(max-width: 800px) 100vw, 800px\" \/><\/a><\/figure><div class=\"elementor-image-box-content\"><h3 class=\"elementor-image-box-title\"><a href=\"https:\/\/www.lluislaw.com\/es\/abogados-de-accidentes-de-trabajo-en-los-angeles\/\">Abogados de accidentes de trabajo en Los \u00c1ngeles<\/a><\/h3><p class=\"elementor-image-box-description\">Hemos ayudado a miles de clientes a obtener millones de d\u00f3lares en compensaci\u00f3n. Si ha sufrido un accidente laboral podemos ayudarle a obtener una compensaci\u00f3n justa.<\/p><\/div><\/div>\t\t\t\t<\/div>\n\t\t\t\t<\/div>\n\t\t\t\t\t<\/div>\n\t\t<\/div>\n\t\t\t\t\t<\/div>\n\t\t<\/section>\n\t\t\t\t<\/div>\n\t\t","protected":false},"excerpt":{"rendered":"<p>Abogados de inmigraci\u00f3n en Los \u00c1ngeles Con 50 a\u00f1os de experiencia combinada, nuestros abogados pueden ayudarlo con cualquier problema de inmigraci\u00f3n. Desde solicitudes familiares, residencia, green card, asilo, waiver y mucho m\u00e1s. Abogados criminalistas en Los \u00c1ngeles Podemos ayudarlo en asuntos de defensa penal. Te acompa\u00f1aremos desde el inicio de la investigaci\u00f3n penal hasta el [&hellip;]<\/p>\n","protected":false},"author":1,"featured_media":0,"parent":0,"menu_order":0,"comment_status":"closed","ping_status":"closed","template":"","meta":{"ocean_post_layout":"full-width","ocean_both_sidebars_style":"","ocean_both_sidebars_content_width":0,"ocean_both_sidebars_sidebars_width":0,"ocean_sidebar":"0","ocean_second_sidebar":"0","ocean_disable_margins":"enable","ocean_add_body_class":"","ocean_shortcode_before_top_bar":"","ocean_shortcode_after_top_bar":"","ocean_shortcode_before_header":"","ocean_shortcode_after_header":"","ocean_has_shortcode":"","ocean_shortcode_after_title":"","ocean_shortcode_before_footer_widgets":"","ocean_shortcode_after_footer_widgets":"","ocean_shortcode_before_footer_bottom":"","ocean_shortcode_after_footer_bottom":"","ocean_display_top_bar":"default","ocean_display_header":"default","ocean_header_style":"","ocean_center_header_left_menu":"0","ocean_custom_header_template":"0","ocean_custom_logo":0,"ocean_custom_retina_logo":0,"ocean_custom_logo_max_width":0,"ocean_custom_logo_tablet_max_width":0,"ocean_custom_logo_mobile_max_width":0,"ocean_custom_logo_max_height":0,"ocean_custom_logo_tablet_max_height":0,"ocean_custom_logo_mobile_max_height":0,"ocean_header_custom_menu":"0","ocean_menu_typo_font_family":"0","ocean_menu_typo_font_subset":"","ocean_menu_typo_font_size":0,"ocean_menu_typo_font_size_tablet":0,"ocean_menu_typo_font_size_mobile":0,"ocean_menu_typo_font_size_unit":"px","ocean_menu_typo_font_weight":"","ocean_menu_typo_font_weight_tablet":"","ocean_menu_typo_font_weight_mobile":"","ocean_menu_typo_transform":"","ocean_menu_typo_transform_tablet":"","ocean_menu_typo_transform_mobile":"","ocean_menu_typo_line_height":0,"ocean_menu_typo_line_height_tablet":0,"ocean_menu_typo_line_height_mobile":0,"ocean_menu_typo_line_height_unit":"","ocean_menu_typo_spacing":0,"ocean_menu_typo_spacing_tablet":0,"ocean_menu_typo_spacing_mobile":0,"ocean_menu_typo_spacing_unit":"","ocean_menu_link_color":"","ocean_menu_link_color_hover":"","ocean_menu_link_color_active":"","ocean_menu_link_background":"","ocean_menu_link_hover_background":"","ocean_menu_link_active_background":"","ocean_menu_social_links_bg":"","ocean_menu_social_hover_links_bg":"","ocean_menu_social_links_color":"","ocean_menu_social_hover_links_color":"","ocean_disable_title":"default","ocean_disable_heading":"default","ocean_post_title":"","ocean_post_subheading":"","ocean_post_title_style":"","ocean_post_title_background_color":"","ocean_post_title_background":0,"ocean_post_title_bg_image_position":"","ocean_post_title_bg_image_attachment":"","ocean_post_title_bg_image_repeat":"","ocean_post_title_bg_image_size":"","ocean_post_title_height":0,"ocean_post_title_bg_overlay":0.5,"ocean_post_title_bg_overlay_color":"","ocean_disable_breadcrumbs":"default","ocean_breadcrumbs_color":"","ocean_breadcrumbs_separator_color":"","ocean_breadcrumbs_links_color":"","ocean_breadcrumbs_links_hover_color":"","ocean_display_footer_widgets":"default","ocean_display_footer_bottom":"default","ocean_custom_footer_template":"0","footnotes":""},"class_list":["post-897","page","type-page","status-publish","hentry","entry"],"_links":{"self":[{"href":"https:\/\/lluislaw.com\/es\/wp-json\/wp\/v2\/pages\/897","targetHints":{"allow":["GET"]}}],"collection":[{"href":"https:\/\/lluislaw.com\/es\/wp-json\/wp\/v2\/pages"}],"about":[{"href":"https:\/\/lluislaw.com\/es\/wp-json\/wp\/v2\/types\/page"}],"author":[{"embeddable":true,"href":"https:\/\/lluislaw.com\/es\/wp-json\/wp\/v2\/users\/1"}],"replies":[{"embeddable":true,"href":"https:\/\/lluislaw.com\/es\/wp-json\/wp\/v2\/comments?post=897"}],"version-history":[{"count":1,"href":"https:\/\/lluislaw.com\/es\/wp-json\/wp\/v2\/pages\/897\/revisions"}],"predecessor-version":[{"id":12408,"href":"https:\/\/lluislaw.com\/es\/wp-json\/wp\/v2\/pages\/897\/revisions\/12408"}],"wp:attachment":[{"href":"https:\/\/lluislaw.com\/es\/wp-json\/wp\/v2\/media?parent=897"}],"curies":[{"name":"wp","href":"https:\/\/api.w.org\/{rel}","templated":true}]}}